{"id":178,"date":"2020-07-31T11:43:53","date_gmt":"2020-07-31T11:43:53","guid":{"rendered":"http:\/\/superarte.zapto.org\/?page_id=178"},"modified":"2020-07-31T13:00:17","modified_gmt":"2020-07-31T13:00:17","slug":"ideas","status":"publish","type":"page","link":"https:\/\/superarte.zapto.org\/index.php\/ideas\/","title":{"rendered":"Ideas"},"content":{"rendered":"\n<p><em>Aqu\u00ed podr\u00e1s ver algunas ideas que te pueden servir si est\u00e1s aburrido y no sabes que hacer, o si simplemente quieres entretenerte o pasar el rato.<\/em><\/p>\n\n\n\n<p><em>Tambi\u00e9n te ense\u00f1ar\u00e9 algunas ideas para regalar, para organizarte, pero, es mejor si no copias estas ideas, t\u00fa te insipiras y luego lo haces a t\u00fa manera, as\u00ed te va a quedar mucho mejor<\/em>.<\/p>\n\n\n\n<p><strong>Intenta ser lo m\u00e1s creativo posible, y aunque creas que te est\u00e9 saliendo mal, nunca te rindas, si no te rindes, lo conseguir\u00e1s:)<\/strong><\/p>\n\n\n<ul class=\"wp-block-latest-posts__list wp-block-latest-posts\"><li><a class=\"wp-block-latest-posts__post-title\" href=\"https:\/\/superarte.zapto.org\/index.php\/2020\/07\/31\/organizador\/\">Organizador<\/a><\/li>\n<\/ul>","protected":false},"excerpt":{"rendered":"<p>Aqu\u00ed podr\u00e1s ver algunas ideas que te pueden servir si est\u00e1s aburrido y no sabes que hacer, o si simplemente quieres entretenerte o pasar el rato. Tambi\u00e9n te ense\u00f1ar\u00e9 algunas ideas para regalar, para organizarte, pero, es mejor si no copias estas ideas, t\u00fa te insipiras y luego lo haces a t\u00fa manera, as\u00ed te &hellip; <a href=\"https:\/\/superarte.zapto.org\/index.php\/ideas\/\" class=\"more-link\">Sigue leyendo <span class=\"screen-reader-text\">Ideas<\/span><\/a><\/p>\n","protected":false},"author":1,"featured_media":180,"parent":0,"menu_order":0,"comment_status":"closed","ping_status":"closed","template":"","meta":{"footnotes":""},"class_list":["post-178","page","type-page","status-publish","has-post-thumbnail","hentry"],"_links":{"self":[{"href":"https:\/\/superarte.zapto.org\/index.php\/wp-json\/wp\/v2\/pages\/178","targetHints":{"allow":["GET"]}}],"collection":[{"href":"https:\/\/superarte.zapto.org\/index.php\/wp-json\/wp\/v2\/pages"}],"about":[{"href":"https:\/\/superarte.zapto.org\/index.php\/wp-json\/wp\/v2\/types\/page"}],"author":[{"embeddable":true,"href":"https:\/\/superarte.zapto.org\/index.php\/wp-json\/wp\/v2\/users\/1"}],"replies":[{"embeddable":true,"href":"https:\/\/superarte.zapto.org\/index.php\/wp-json\/wp\/v2\/comments?post=178"}],"version-history":[{"count":3,"href":"https:\/\/superarte.zapto.org\/index.php\/wp-json\/wp\/v2\/pages\/178\/revisions"}],"predecessor-version":[{"id":187,"href":"https:\/\/superarte.zapto.org\/index.php\/wp-json\/wp\/v2\/pages\/178\/revisions\/187"}],"wp:featuredmedia":[{"embeddable":true,"href":"https:\/\/superarte.zapto.org\/index.php\/wp-json\/wp\/v2\/media\/180"}],"wp:attachment":[{"href":"https:\/\/superarte.zapto.org\/index.php\/wp-json\/wp\/v2\/media?parent=178"}],"curies":[{"name":"wp","href":"https:\/\/api.w.org\/{rel}","templated":true}]}}