{"id":52,"date":"2020-07-13T11:53:39","date_gmt":"2020-07-13T11:53:39","guid":{"rendered":"http:\/\/superarte.zapto.org\/?page_id=52"},"modified":"2020-07-18T17:34:26","modified_gmt":"2020-07-18T17:34:26","slug":"por-que-la-moda","status":"publish","type":"page","link":"https:\/\/superarte.zapto.org\/index.php\/por-que-la-moda\/","title":{"rendered":"Moda"},"content":{"rendered":"\n<p><em>Cuando cre\u00e9 este blog yo desde el primer momento quise que el blog tuviera alguna categor\u00eda relaccionada con la moda, me parece una parte del arte&#8230;<\/em><\/p>\n\n\n\n<p> <em>Hace unos meses, cuando empez\u00f3 el confinamiento, yo me dije: si vamos a estar tanto tiempo en casa habr\u00e1 que aprovecharlo para algo; estuve mirando cursos de dibujo e incluso imagenes, y ah\u00ed fue cuando me encontr\u00e9 con los figurines de moda (eso es como el maniqu\u00ed sobre el que dibujas la ropa), en el tiempo libre que ten\u00eda intentaba dibujar esto lo mejor que pod\u00eda, pero no me sal\u00eda, estuve practicando unas cuantas semanas y al final cre\u00e9 algunas prendas. En esta categor\u00eda ser\u00e1 lo que ver\u00e9is, algunas de las prendas y conjuntos que cre\u00e9.<\/em><\/p>\n\n\n\n<p><strong>\u00abpara mi lo importante no es hacerlo bien, si no hacerlo, intentarlo, y esforzarse al m\u00e1ximo\u00bb<\/strong><\/p>\n\n\n<ul class=\"wp-block-latest-posts__list wp-block-latest-posts\"><li><a class=\"wp-block-latest-posts__post-title\" href=\"https:\/\/superarte.zapto.org\/index.php\/2020\/07\/13\/mono\/\">Mono<\/a><\/li>\n<\/ul>","protected":false},"excerpt":{"rendered":"<p>Cuando cre\u00e9 este blog yo desde el primer momento quise que el blog tuviera alguna categor\u00eda relaccionada con la moda, me parece una parte del arte&#8230; Hace unos meses, cuando empez\u00f3 el confinamiento, yo me dije: si vamos a estar tanto tiempo en casa habr\u00e1 que aprovecharlo para algo; estuve mirando cursos de dibujo e &hellip; <a href=\"https:\/\/superarte.zapto.org\/index.php\/por-que-la-moda\/\" class=\"more-link\">Sigue leyendo <span class=\"screen-reader-text\">Moda<\/span><\/a><\/p>\n","protected":false},"author":1,"featured_media":53,"parent":0,"menu_order":0,"comment_status":"closed","ping_status":"closed","template":"","meta":{"footnotes":""},"class_list":["post-52","page","type-page","status-publish","has-post-thumbnail","hentry"],"_links":{"self":[{"href":"https:\/\/superarte.zapto.org\/index.php\/wp-json\/wp\/v2\/pages\/52","targetHints":{"allow":["GET"]}}],"collection":[{"href":"https:\/\/superarte.zapto.org\/index.php\/wp-json\/wp\/v2\/pages"}],"about":[{"href":"https:\/\/superarte.zapto.org\/index.php\/wp-json\/wp\/v2\/types\/page"}],"author":[{"embeddable":true,"href":"https:\/\/superarte.zapto.org\/index.php\/wp-json\/wp\/v2\/users\/1"}],"replies":[{"embeddable":true,"href":"https:\/\/superarte.zapto.org\/index.php\/wp-json\/wp\/v2\/comments?post=52"}],"version-history":[{"count":6,"href":"https:\/\/superarte.zapto.org\/index.php\/wp-json\/wp\/v2\/pages\/52\/revisions"}],"predecessor-version":[{"id":126,"href":"https:\/\/superarte.zapto.org\/index.php\/wp-json\/wp\/v2\/pages\/52\/revisions\/126"}],"wp:featuredmedia":[{"embeddable":true,"href":"https:\/\/superarte.zapto.org\/index.php\/wp-json\/wp\/v2\/media\/53"}],"wp:attachment":[{"href":"https:\/\/superarte.zapto.org\/index.php\/wp-json\/wp\/v2\/media?parent=52"}],"curies":[{"name":"wp","href":"https:\/\/api.w.org\/{rel}","templated":true}]}}