{"id":73,"date":"2020-07-14T09:35:39","date_gmt":"2020-07-14T09:35:39","guid":{"rendered":"http:\/\/superarte.zapto.org\/?page_id=73"},"modified":"2020-07-18T17:26:17","modified_gmt":"2020-07-18T17:26:17","slug":"dibujo","status":"publish","type":"page","link":"https:\/\/superarte.zapto.org\/index.php\/dibujo\/","title":{"rendered":"Dibujo"},"content":{"rendered":"\n<p>Aqu\u00ed aprenderas conceptos b\u00e1sicos del dibujo y algunas t\u00e9cnicas que te ayudar\u00e1n a que tus dibujos se vean mejor.<\/p>\n\n\n\n<figure class=\"wp-block-image size-large\"><img loading=\"lazy\" decoding=\"async\" width=\"626\" height=\"626\" src=\"http:\/\/superarte.zapto.org\/wp-content\/uploads\/2020\/07\/paisaje-torre-eifel.jpg\" alt=\"\" class=\"wp-image-80\" srcset=\"https:\/\/superarte.zapto.org\/wp-content\/uploads\/2020\/07\/paisaje-torre-eifel.jpg 626w, https:\/\/superarte.zapto.org\/wp-content\/uploads\/2020\/07\/paisaje-torre-eifel-300x300.jpg 300w, https:\/\/superarte.zapto.org\/wp-content\/uploads\/2020\/07\/paisaje-torre-eifel-150x150.jpg 150w\" sizes=\"auto, (max-width: 626px) 100vw, 626px\" \/><\/figure>\n\n\n\n<p>Para mi el dibujo es el mayor entretenimiento, junto a otras cosas referentes a las manualidades y las cosas art\u00edsticas. Aunque me gusten todas esas cosas, pero bueno t\u00fa no te puedes llevar a cualquier sitio un lienzo y pinceles, pero, sin embargo, un l\u00e1piz, un papel y varios colores, \u00bfpor que no?<\/p>\n\n\n\n<p>El dibujo es una manera de expresar tus sentimientos, pero claro, para hacer eso, tienes que saber dibujar, porque, si no \u00bfc\u00f3mo se supone que vas a poder expresar los sentimientos? Para eso esta esto, para que aprendas y puedas expresarte libremente<\/p>\n\n\n<ul class=\"wp-block-latest-posts__list wp-block-latest-posts\"><li><a class=\"wp-block-latest-posts__post-title\" href=\"https:\/\/superarte.zapto.org\/index.php\/2020\/07\/16\/realismo\/\">Realismo<\/a><\/li>\n<li><a class=\"wp-block-latest-posts__post-title\" href=\"https:\/\/superarte.zapto.org\/index.php\/2020\/07\/14\/anime\/\">Anime<\/a><\/li>\n<\/ul>\n\n\n<p><\/p>\n","protected":false},"excerpt":{"rendered":"<p>Aqu\u00ed aprenderas conceptos b\u00e1sicos del dibujo y algunas t\u00e9cnicas que te ayudar\u00e1n a que tus dibujos se vean mejor. Para mi el dibujo es el mayor entretenimiento, junto a otras cosas referentes a las manualidades y las cosas art\u00edsticas. Aunque me gusten todas esas cosas, pero bueno t\u00fa no te puedes llevar a cualquier sitio &hellip; <a href=\"https:\/\/superarte.zapto.org\/index.php\/dibujo\/\" class=\"more-link\">Sigue leyendo <span class=\"screen-reader-text\">Dibujo<\/span><\/a><\/p>\n","protected":false},"author":1,"featured_media":79,"parent":0,"menu_order":0,"comment_status":"closed","ping_status":"closed","template":"","meta":{"footnotes":""},"class_list":["post-73","page","type-page","status-publish","has-post-thumbnail","hentry"],"_links":{"self":[{"href":"https:\/\/superarte.zapto.org\/index.php\/wp-json\/wp\/v2\/pages\/73","targetHints":{"allow":["GET"]}}],"collection":[{"href":"https:\/\/superarte.zapto.org\/index.php\/wp-json\/wp\/v2\/pages"}],"about":[{"href":"https:\/\/superarte.zapto.org\/index.php\/wp-json\/wp\/v2\/types\/page"}],"author":[{"embeddable":true,"href":"https:\/\/superarte.zapto.org\/index.php\/wp-json\/wp\/v2\/users\/1"}],"replies":[{"embeddable":true,"href":"https:\/\/superarte.zapto.org\/index.php\/wp-json\/wp\/v2\/comments?post=73"}],"version-history":[{"count":7,"href":"https:\/\/superarte.zapto.org\/index.php\/wp-json\/wp\/v2\/pages\/73\/revisions"}],"predecessor-version":[{"id":125,"href":"https:\/\/superarte.zapto.org\/index.php\/wp-json\/wp\/v2\/pages\/73\/revisions\/125"}],"wp:featuredmedia":[{"embeddable":true,"href":"https:\/\/superarte.zapto.org\/index.php\/wp-json\/wp\/v2\/media\/79"}],"wp:attachment":[{"href":"https:\/\/superarte.zapto.org\/index.php\/wp-json\/wp\/v2\/media?parent=73"}],"curies":[{"name":"wp","href":"https:\/\/api.w.org\/{rel}","templated":true}]}}